{"id":4401,"date":"2026-03-12T21:40:37","date_gmt":"2026-03-12T21:40:37","guid":{"rendered":"https:\/\/aarslevservice.dk\/?page_id=4401"},"modified":"2026-03-21T17:03:38","modified_gmt":"2026-03-21T17:03:38","slug":"pakker","status":"publish","type":"page","link":"https:\/\/aarslevservice.dk\/?page_id=4401","title":{"rendered":"Pakker"},"content":{"rendered":"\t\t<div data-elementor-type=\"wp-page\" data-elementor-id=\"4401\" class=\"elementor elementor-4401\" data-elementor-post-type=\"page\">\n\t\t\t\t<div class=\"elementor-element elementor-element-b03e7bb e-flex e-con-boxed e-con e-parent\" data-id=\"b03e7bb\" data-element_type=\"container\" data-settings=\"{&quot;background_background&quot;:&quot;gradient&quot;}\">\n\t\t\t\t\t<div class=\"e-con-inner\">\n\t\t<div class=\"elementor-element elementor-element-f234153 e-con-full e-flex e-con e-child\" data-id=\"f234153\" data-element_type=\"container\">\n\t\t\t\t<div class=\"elementor-element elementor-element-e8f9fd6 elementor-widget elementor-widget-image\" data-id=\"e8f9fd6\" data-element_type=\"widget\" data-widget_type=\"image.default\">\n\t\t\t\t<div class=\"elementor-widget-container\">\n\t\t\t\t\t\t\t\t\t\t\t\t\t\t\t<img fetchpriority=\"high\" decoding=\"async\" width=\"800\" height=\"173\" src=\"https:\/\/aarslevservice.dk\/wp-content\/uploads\/2024\/12\/Skaermbillede-2024-12-13-kl.-17.40.11-1024x221.png\" class=\"attachment-large size-large wp-image-1431\" alt=\"\" srcset=\"https:\/\/aarslevservice.dk\/wp-content\/uploads\/2024\/12\/Skaermbillede-2024-12-13-kl.-17.40.11-1024x221.png 1024w, https:\/\/aarslevservice.dk\/wp-content\/uploads\/2024\/12\/Skaermbillede-2024-12-13-kl.-17.40.11-300x65.png 300w, https:\/\/aarslevservice.dk\/wp-content\/uploads\/2024\/12\/Skaermbillede-2024-12-13-kl.-17.40.11-768x165.png 768w, https:\/\/aarslevservice.dk\/wp-content\/uploads\/2024\/12\/Skaermbillede-2024-12-13-kl.-17.40.11-1536x331.png 1536w, https:\/\/aarslevservice.dk\/wp-content\/uploads\/2024\/12\/Skaermbillede-2024-12-13-kl.-17.40.11-600x129.png 600w, https:\/\/aarslevservice.dk\/wp-content\/uploads\/2024\/12\/Skaermbillede-2024-12-13-kl.-17.40.11.png 2014w\" sizes=\"(max-width: 800px) 100vw, 800px\" \/>\t\t\t\t\t\t\t\t\t\t\t\t\t\t\t<\/div>\n\t\t\t\t<\/div>\n\t\t\t\t<\/div>\n\t\t<div class=\"elementor-element elementor-element-831b4d2 e-con-full e-flex e-con e-child\" data-id=\"831b4d2\" data-element_type=\"container\">\n\t\t\t\t<div class=\"elementor-element elementor-element-aaf0e22 elementor-widget__width-initial elementor-widget-mobile__width-initial elementor-nav-menu--stretch elementor-nav-menu__text-align-aside elementor-nav-menu--toggle elementor-nav-menu--burger elementor-widget elementor-widget-nav-menu\" data-id=\"aaf0e22\" data-element_type=\"widget\" data-settings=\"{&quot;toggle_icon_hover_animation&quot;:&quot;pulse-shrink&quot;,&quot;layout&quot;:&quot;dropdown&quot;,&quot;full_width&quot;:&quot;stretch&quot;,&quot;submenu_icon&quot;:{&quot;value&quot;:&quot;&lt;i class=\\&quot;\\&quot;&gt;&lt;\\\/i&gt;&quot;,&quot;library&quot;:&quot;&quot;},&quot;toggle&quot;:&quot;burger&quot;}\" data-widget_type=\"nav-menu.default\">\n\t\t\t\t<div class=\"elementor-widget-container\">\n\t\t\t\t\t\t\t<div class=\"elementor-menu-toggle\" role=\"button\" tabindex=\"0\" aria-label=\"Menuskift\" aria-expanded=\"false\">\n\t\t\t<svg aria-hidden=\"true\" role=\"presentation\" class=\"elementor-menu-toggle__icon--open elementor-animation-pulse-shrink e-font-icon-svg e-eicon-menu-bar\" viewBox=\"0 0 1000 1000\" xmlns=\"http:\/\/www.w3.org\/2000\/svg\"><path d=\"M104 333H896C929 333 958 304 958 271S929 208 896 208H104C71 208 42 237 42 271S71 333 104 333ZM104 583H896C929 583 958 554 958 521S929 458 896 458H104C71 458 42 487 42 521S71 583 104 583ZM104 833H896C929 833 958 804 958 771S929 708 896 708H104C71 708 42 737 42 771S71 833 104 833Z\"><\/path><\/svg><svg aria-hidden=\"true\" role=\"presentation\" class=\"elementor-menu-toggle__icon--close elementor-animation-pulse-shrink e-font-icon-svg e-eicon-close\" viewBox=\"0 0 1000 1000\" xmlns=\"http:\/\/www.w3.org\/2000\/svg\"><path d=\"M742 167L500 408 258 167C246 154 233 150 217 150 196 150 179 158 167 167 154 179 150 196 150 212 150 229 154 242 171 254L408 500 167 742C138 771 138 800 167 829 196 858 225 858 254 829L496 587 738 829C750 842 767 846 783 846 800 846 817 842 829 829 842 817 846 804 846 783 846 767 842 750 829 737L588 500 833 258C863 229 863 200 833 171 804 137 775 137 742 167Z\"><\/path><\/svg>\t\t<\/div>\n\t\t\t\t\t<nav class=\"elementor-nav-menu--dropdown elementor-nav-menu__container\" aria-hidden=\"true\">\n\t\t\t\t<ul id=\"menu-2-aaf0e22\" class=\"elementor-nav-menu\"><li class=\"menu-item menu-item-type-post_type menu-item-object-page menu-item-home menu-item-3632\"><a href=\"https:\/\/aarslevservice.dk\/\" class=\"elementor-item\" tabindex=\"-1\">Hjem<\/a><\/li>\n<li class=\"menu-item menu-item-type-post_type menu-item-object-page menu-item-3633\"><a href=\"https:\/\/aarslevservice.dk\/?page_id=70\" class=\"elementor-item\" tabindex=\"-1\">Produkter<\/a><\/li>\n<li class=\"menu-item menu-item-type-post_type menu-item-object-page menu-item-3649\"><a href=\"https:\/\/aarslevservice.dk\/?page_id=10\" class=\"elementor-item\" tabindex=\"-1\">Kurv<\/a><\/li>\n<li class=\"menu-item menu-item-type-post_type menu-item-object-page menu-item-3635\"><a href=\"https:\/\/aarslevservice.dk\/?page_id=3625\" class=\"elementor-item\" tabindex=\"-1\">Tilbud<\/a><\/li>\n<li class=\"menu-item menu-item-type-post_type menu-item-object-page menu-item-3636\"><a href=\"https:\/\/aarslevservice.dk\/?page_id=74\" class=\"elementor-item\" tabindex=\"-1\">Kontakt<\/a><\/li>\n<\/ul>\t\t\t<\/nav>\n\t\t\t\t\t\t<\/div>\n\t\t\t\t<\/div>\n\t\t\t\t<\/div>\n\t\t\t\t\t<\/div>\n\t\t\t\t<\/div>\n\t\t<div class=\"elementor-element elementor-element-ab1f71b e-flex e-con-boxed e-con e-parent\" data-id=\"ab1f71b\" data-element_type=\"container\">\n\t\t\t\t\t<div class=\"e-con-inner\">\n\t\t\t\t<div class=\"elementor-element elementor-element-6bc2de3 elementor-widget elementor-widget-html\" data-id=\"6bc2de3\" data-element_type=\"widget\" data-widget_type=\"html.default\">\n\t\t\t\t<div class=\"elementor-widget-container\">\n\t\t\t\t\t<!DOCTYPE html>\n<html lang=\"da\">\n<head>\n<meta charset=\"UTF-8\">\n<title>Festpakker<\/title>\n\n<style>\n\nbody{\n  font-family: Arial, sans-serif;\n  background:#f4f6f9;\n  margin:0;\n}\n\n\/* Titel *\/\n.packages-title{\n  text-align:center;\n  font-size:32px;\n  color:#0a7cff;\n  font-weight:bold;\n  margin:40px 0;\n}\n\n\/* Grid container *\/\n.packages{\n  display:grid;\n  grid-template-columns:repeat(4,1fr);\n  gap:25px;\n  width:100%;\n  padding:0 40px 60px 40px;\n  box-sizing:border-box;\n}\n\n\/* Tablet *\/\n@media (max-width:1000px){\n  .packages{\n    grid-template-columns:repeat(2,1fr);\n  }\n}\n\n\/* Mobil *\/\n@media (max-width:600px){\n  .packages{\n    grid-template-columns:1fr;\n    padding:0 20px 40px 20px;\n  }\n}\n\n\/* Pakke kort *\/\n.package{\n  background:white;\n  padding:25px;\n  border-radius:10px;\n  box-shadow:0 10px 20px rgba(0,0,0,0.1);\n  transition:0.3s;\n  display:flex;\n  flex-direction:column;\n}\n\n.package:hover{\n  transform:translateY(-6px);\n  box-shadow:0 15px 30px rgba(0,0,0,0.15);\n}\n\n.package h2{\n  color:#0a7cff;\n  margin-top:0;\n}\n\n.package p{\n  margin-top:0;\n}\n\n\/* Liste *\/\n.package ul{\n  list-style:none;\n  padding:0;\n  margin:15px 0;\n}\n\n.package li{\n  padding:6px 0;\n  border-bottom:1px solid #eee;\n  font-size:14px;\n}\n\n\/* Bund (pris) *\/\n.bottom-container{\n  margin-top:auto;\n}\n\n.adjustable-text{\n  font-style:italic;\n  color:#555;\n  font-size:14px;\n  margin-bottom:10px;\n}\n\n.price{\n  font-size:26px;\n  font-weight:bold;\n  color:#0a7cff;\n  text-align:center;\n}\n\n<\/style>\n<\/head>\n\n<body>\n\n<div class=\"packages-title\">Festpakker<\/div>\n\n<div class=\"packages\">\n\n<div class=\"package\">\n  <h2>Pakke A<\/h2>\n  <p>Festtelt 6x6<\/p>\n  <ul>\n    <li>Gulv<\/li>\n    <li>6 borde<\/li>\n    <li>36 banquet stol<\/li>\n    <li>36 services\u00e6t<\/li>\n    <li>Slush ice maskine<\/li>\n    <li>50 b\u00e6gre<\/li>\n    <li>2 safter<\/li>\n  <\/ul>\n  <div class=\"bottom-container\">\n    <p class=\"adjustable-text\">Pakken kan justeres efter behov i foresp\u00f8rgsel.<\/p>\n    <div class=\"price\">4.995 kr<\/div>\n  <\/div>\n<\/div>\n\n<div class=\"package\">\n  <h2>Pakke B<\/h2>\n  <p>Festtelt 6x9<\/p>\n  <ul>\n    <li>Gulv<\/li>\n    <li>8 borde<\/li>\n    <li>48 banquet stol<\/li>\n    <li>48 services\u00e6t<\/li>\n    <li>Slush ice maskine<\/li>\n    <li>50 b\u00e6gre<\/li>\n    <li>2 safter<\/li>\n  <\/ul>\n  <div class=\"bottom-container\">\n    <p class=\"adjustable-text\">Pakken kan justeres efter behov i foresp\u00f8rgsel.<\/p>\n    <div class=\"price\">6.995 kr<\/div>\n  <\/div>\n<\/div>\n\n<div class=\"package\">\n  <h2>Pakke C<\/h2>\n  <p>Festtelt 6x12<\/p>\n  <ul>\n    <li>Gulv<\/li>\n    <li>12 borde<\/li>\n    <li>72 banquet stol<\/li>\n    <li>72 services\u00e6t<\/li>\n    <li>Varmekanon<\/li>\n    <li>Gas<\/li>\n    <li>Slush ice maskine<\/li>\n    <li>100 b\u00e6gre<\/li>\n    <li>2 safter<\/li>\n  <\/ul>\n  <div class=\"bottom-container\">\n    <p class=\"adjustable-text\">Pakken kan justeres efter behov i foresp\u00f8rgsel.<\/p>\n    <div class=\"price\">8.995 kr<\/div>\n  <\/div>\n<\/div>\n\n<div class=\"package\">\n  <h2>Pakke D<\/h2>\n  <p>Festtelt 6x15<\/p>\n  <ul>\n    <li>Gulv<\/li>\n    <li>15 borde<\/li>\n    <li>90 banquet stol<\/li>\n    <li>90 services\u00e6t<\/li>\n    <li>2 varmekanoner<\/li>\n    <li>2 Gas<\/li>\n    <li>Slush ice maskine<\/li>\n    <li>100 b\u00e6gre<\/li>\n    <li>2 safter<\/li>\n  <\/ul>\n  <div class=\"bottom-container\">\n    <p class=\"adjustable-text\">Pakken kan justeres efter behov i foresp\u00f8rgsel.<\/p>\n    <div class=\"price\">11.995 kr<\/div>\n  <\/div>\n<\/div>\n\n<\/div>\n\n<\/body>\n<\/html>\t\t\t\t<\/div>\n\t\t\t\t<\/div>\n\t\t\t\t\t<\/div>\n\t\t\t\t<\/div>\n\t\t<div class=\"elementor-element elementor-element-86ae0e9 e-flex e-con-boxed e-con e-parent\" data-id=\"86ae0e9\" data-element_type=\"container\">\n\t\t\t\t\t<div class=\"e-con-inner\">\n\t\t\t\t<div class=\"elementor-element elementor-element-47b7014 elementor-widget elementor-widget-shortcode\" data-id=\"47b7014\" data-element_type=\"widget\" data-widget_type=\"shortcode.default\">\n\t\t\t\t<div class=\"elementor-widget-container\">\n\t\t\t\t\t\t\t<div class=\"elementor-shortcode\">\n<div class=\"wpcf7 no-js\" id=\"wpcf7-f4403-o1\" lang=\"da-DK\" dir=\"ltr\" data-wpcf7-id=\"4403\">\n<div class=\"screen-reader-response\"><p role=\"status\" aria-live=\"polite\" aria-atomic=\"true\"><\/p> <ul><\/ul><\/div>\n<form action=\"\/index.php?rest_route=%2Fwp%2Fv2%2Fpages%2F4401#wpcf7-f4403-o1\" method=\"post\" class=\"wpcf7-form init\" aria-label=\"Kontaktformular\" novalidate=\"novalidate\" data-status=\"init\">\n<fieldset class=\"hidden-fields-container\"><input type=\"hidden\" name=\"_wpcf7\" value=\"4403\" \/><input type=\"hidden\" name=\"_wpcf7_version\" value=\"6.1.4\" \/><input type=\"hidden\" name=\"_wpcf7_locale\" value=\"da_DK\" \/><input type=\"hidden\" name=\"_wpcf7_unit_tag\" value=\"wpcf7-f4403-o1\" \/><input type=\"hidden\" name=\"_wpcf7_container_post\" value=\"0\" \/><input type=\"hidden\" name=\"_wpcf7_posted_data_hash\" value=\"\" \/>\n<\/fieldset>\n<style>\n\n*,\n*::before,\n*::after{\nbox-sizing:border-box;\n}\n\n.fest-form-wrapper{\nwidth:100%;\npadding:20px;\nbackground:#f4f6f9;\n}\n\n.fest-form{\nwidth:100%;\nmax-width:700px;\nmargin:auto;\nbackground:white;\npadding:25px;\nborder-radius:12px;\nbox-shadow:0 10px 30px rgba(0,0,0,0.1);\nfont-family:Arial, sans-serif;\n}\n\n.fest-form label{\ndisplay:block;\nfont-weight:bold;\nmargin-bottom:6px;\nmargin-top:18px;\n}\n\n.fest-form input,\n.fest-form select,\n.fest-form textarea{\nwidth:100%;\nmax-width:100%;\npadding:14px;\nborder:1px solid #ddd;\nborder-radius:8px;\nfont-size:16px;\nbackground:#fafafa;\n}\n\n.fest-form textarea{\nmin-height:120px;\n}\n\n.fest-form input:focus,\n.fest-form select:focus,\n.fest-form textarea:focus{\nborder-color:#0a7cff;\noutline:none;\nbox-shadow:0 0 6px rgba(10,124,255,0.3);\nbackground:white;\n}\n\n.fest-btn{\nmargin-top:20px;\nbackground:#0a7cff;\ncolor:white;\nborder:none;\npadding:16px;\nfont-size:16px;\nborder-radius:8px;\ncursor:pointer;\nwidth:100%;\n}\n\n.fest-btn:hover{\nbackground:#065fd4;\n}\n\n\/* Mobil *\/\n@media (max-width:480px){\n\n.fest-form-wrapper{\npadding:15px;\n}\n\n.fest-form{\npadding:20px;\n}\n\n}\n<\/style>\n<div class=\"fest-form-wrapper\">\n\t<div class=\"fest-form\">\n\t\t<p><label>Navn<\/label><br \/>\n<span class=\"wpcf7-form-control-wrap\" data-name=\"navn\"><input size=\"40\" maxlength=\"400\" class=\"wpcf7-form-control wpcf7-text wpcf7-validates-as-required\" aria-required=\"true\" aria-invalid=\"false\" placeholder=\"Dit navn\" value=\"\" type=\"text\" name=\"navn\" \/><\/span>\n\t\t<\/p>\n\t\t<p><label>Email<\/label><br \/>\n<span class=\"wpcf7-form-control-wrap\" data-name=\"email\"><input size=\"40\" maxlength=\"400\" class=\"wpcf7-form-control wpcf7-email wpcf7-validates-as-required wpcf7-text wpcf7-validates-as-email\" aria-required=\"true\" aria-invalid=\"false\" placeholder=\"Din email\" value=\"\" type=\"email\" name=\"email\" \/><\/span>\n\t\t<\/p>\n\t\t<p><label>Telefon<\/label><br \/>\n<span class=\"wpcf7-form-control-wrap\" data-name=\"telefon\"><input size=\"40\" maxlength=\"400\" class=\"wpcf7-form-control wpcf7-tel wpcf7-text wpcf7-validates-as-tel\" aria-invalid=\"false\" placeholder=\"Dit telefonnummer\" value=\"\" type=\"tel\" name=\"telefon\" \/><\/span>\n\t\t<\/p>\n\t\t<p><label>Dato for fest<\/label><br \/>\n<span class=\"wpcf7-form-control-wrap\" data-name=\"dato\"><input class=\"wpcf7-form-control wpcf7-date wpcf7-validates-as-required wpcf7-validates-as-date\" aria-required=\"true\" aria-invalid=\"false\" value=\"\" type=\"date\" name=\"dato\" \/><\/span>\n\t\t<\/p>\n\t\t<p><label>Festpakke<\/label><br \/>\n<span class=\"wpcf7-form-control-wrap\" data-name=\"pakke\"><select class=\"wpcf7-form-control wpcf7-select\" aria-invalid=\"false\" name=\"pakke\"><option value=\"Pakke A 6x6\">Pakke A 6x6<\/option><option value=\"Pakke B 6x9\">Pakke B 6x9<\/option><option value=\"Pakke C 6x12\">Pakke C 6x12<\/option><option value=\"Pakke D 6x15\">Pakke D 6x15<\/option><\/select><\/span>\n\t\t<\/p>\n\t\t<p><label>Ekstra \/ \u00e6ndringer<\/label><br \/>\n<span class=\"wpcf7-form-control-wrap\" data-name=\"besked\"><textarea cols=\"40\" rows=\"10\" maxlength=\"2000\" class=\"wpcf7-form-control wpcf7-textarea\" aria-invalid=\"false\" placeholder=\"Skriv hvis du vil \u00e6ndre noget eller tilf\u00f8je noget\" name=\"besked\"><\/textarea><\/span>\n\t\t<\/p>\n\t\t<p><input class=\"wpcf7-form-control wpcf7-submit has-spinner fest-btn\" type=\"submit\" value=\"Send foresp\u00f8rgsel\" \/>\n\t\t<\/p>\n\t<\/div>\n<\/div><p style=\"display: none !important;\" class=\"akismet-fields-container\" data-prefix=\"_wpcf7_ak_\"><label>&#916;<textarea name=\"_wpcf7_ak_hp_textarea\" cols=\"45\" rows=\"8\" maxlength=\"100\"><\/textarea><\/label><input type=\"hidden\" id=\"ak_js_1\" name=\"_wpcf7_ak_js\" value=\"67\"\/><script>document.getElementById( \"ak_js_1\" ).setAttribute( \"value\", ( new Date() ).getTime() );<\/script><\/p><div class=\"wpcf7-response-output\" aria-hidden=\"true\"><\/div>\n<\/form>\n<\/div>\n<\/div>\n\t\t\t\t\t\t<\/div>\n\t\t\t\t<\/div>\n\t\t\t\t\t<\/div>\n\t\t\t\t<\/div>\n\t\t<div class=\"elementor-element elementor-element-91a63da e-grid e-con-boxed e-con e-parent\" data-id=\"91a63da\" data-element_type=\"container\">\n\t\t\t\t\t<div class=\"e-con-inner\">\n\t\t\t\t\t<\/div>\n\t\t\t\t<\/div>\n\t\t\t\t<\/div>\n\t\t","protected":false},"excerpt":{"rendered":"<p>Festpakker Festpakker Pakke A Festtelt 6&#215;6 Gulv 6 borde 36 banquet stol 36 services\u00e6t Slush ice maskine 50 b\u00e6gre 2 safter Pakken kan justeres efter behov i foresp\u00f8rgsel. 4.995 kr Pakke B Festtelt 6&#215;9 Gulv 8 borde 48 banquet stol 48 services\u00e6t Slush ice maskine 50 b\u00e6gre 2 safter Pakken kan justeres efter behov i [&hellip;]<\/p>\n","protected":false},"author":1,"featured_media":0,"parent":0,"menu_order":0,"comment_status":"closed","ping_status":"closed","template":"elementor_canvas","meta":{"footnotes":""},"class_list":["post-4401","page","type-page","status-publish","hentry"],"yoast_head":"<!-- This site is optimized with the Yoast SEO plugin v25.4 - https:\/\/yoast.com\/wordpress\/plugins\/seo\/ -->\n<title>Pakker - Aarslevservice.dk<\/title>\n<meta name=\"robots\" content=\"index, follow, max-snippet:-1, max-image-preview:large, max-video-preview:-1\" \/>\n<link rel=\"canonical\" href=\"https:\/\/aarslevservice.dk\/?page_id=4401\" \/>\n<meta property=\"og:locale\" content=\"da_DK\" \/>\n<meta property=\"og:type\" content=\"article\" \/>\n<meta property=\"og:title\" content=\"Pakker - Aarslevservice.dk\" \/>\n<meta property=\"og:description\" content=\"Festpakker Festpakker Pakke A Festtelt 6&#215;6 Gulv 6 borde 36 banquet stol 36 services\u00e6t Slush ice maskine 50 b\u00e6gre 2 safter Pakken kan justeres efter behov i foresp\u00f8rgsel. 4.995 kr Pakke B Festtelt 6&#215;9 Gulv 8 borde 48 banquet stol 48 services\u00e6t Slush ice maskine 50 b\u00e6gre 2 safter Pakken kan justeres efter behov i [&hellip;]\" \/>\n<meta property=\"og:url\" content=\"https:\/\/aarslevservice.dk\/?page_id=4401\" \/>\n<meta property=\"og:site_name\" content=\"Aarslevservice.dk\" \/>\n<meta property=\"article:publisher\" content=\"https:\/\/www.facebook.com\/profile.php?id=61563999506010&amp;locale=da_DK\" \/>\n<meta property=\"article:modified_time\" content=\"2026-03-21T17:03:38+00:00\" \/>\n<meta property=\"og:image\" content=\"http:\/\/aarslevservice.dk\/wp-content\/uploads\/2024\/12\/Skaermbillede-2024-12-13-kl.-17.40.11-1024x221.png\" \/>\n<meta name=\"twitter:card\" content=\"summary_large_image\" \/>\n<meta name=\"twitter:label1\" content=\"Estimeret l\u00e6setid\" \/>\n\t<meta name=\"twitter:data1\" content=\"1 minut\" \/>\n<script type=\"application\/ld+json\" class=\"yoast-schema-graph\">{\"@context\":\"https:\/\/schema.org\",\"@graph\":[{\"@type\":\"WebPage\",\"@id\":\"https:\/\/aarslevservice.dk\/?page_id=4401\",\"url\":\"https:\/\/aarslevservice.dk\/?page_id=4401\",\"name\":\"Pakker - Aarslevservice.dk\",\"isPartOf\":{\"@id\":\"http:\/\/aarslevservice.dk\/#website\"},\"primaryImageOfPage\":{\"@id\":\"https:\/\/aarslevservice.dk\/?page_id=4401#primaryimage\"},\"image\":{\"@id\":\"https:\/\/aarslevservice.dk\/?page_id=4401#primaryimage\"},\"thumbnailUrl\":\"http:\/\/aarslevservice.dk\/wp-content\/uploads\/2024\/12\/Skaermbillede-2024-12-13-kl.-17.40.11-1024x221.png\",\"datePublished\":\"2026-03-12T21:40:37+00:00\",\"dateModified\":\"2026-03-21T17:03:38+00:00\",\"breadcrumb\":{\"@id\":\"https:\/\/aarslevservice.dk\/?page_id=4401#breadcrumb\"},\"inLanguage\":\"da-DK\",\"potentialAction\":[{\"@type\":\"ReadAction\",\"target\":[\"https:\/\/aarslevservice.dk\/?page_id=4401\"]}]},{\"@type\":\"ImageObject\",\"inLanguage\":\"da-DK\",\"@id\":\"https:\/\/aarslevservice.dk\/?page_id=4401#primaryimage\",\"url\":\"http:\/\/aarslevservice.dk\/wp-content\/uploads\/2024\/12\/Skaermbillede-2024-12-13-kl.-17.40.11-1024x221.png\",\"contentUrl\":\"http:\/\/aarslevservice.dk\/wp-content\/uploads\/2024\/12\/Skaermbillede-2024-12-13-kl.-17.40.11-1024x221.png\"},{\"@type\":\"BreadcrumbList\",\"@id\":\"https:\/\/aarslevservice.dk\/?page_id=4401#breadcrumb\",\"itemListElement\":[{\"@type\":\"ListItem\",\"position\":1,\"name\":\"Hjem\",\"item\":\"http:\/\/aarslevservice.dk\/\"},{\"@type\":\"ListItem\",\"position\":2,\"name\":\"Pakker\"}]},{\"@type\":\"WebSite\",\"@id\":\"http:\/\/aarslevservice.dk\/#website\",\"url\":\"http:\/\/aarslevservice.dk\/\",\"name\":\"Aarslevservice.dk\",\"description\":\"Fuldend festen med vores udstyr !\",\"publisher\":{\"@id\":\"http:\/\/aarslevservice.dk\/#organization\"},\"potentialAction\":[{\"@type\":\"SearchAction\",\"target\":{\"@type\":\"EntryPoint\",\"urlTemplate\":\"http:\/\/aarslevservice.dk\/?s={search_term_string}\"},\"query-input\":{\"@type\":\"PropertyValueSpecification\",\"valueRequired\":true,\"valueName\":\"search_term_string\"}}],\"inLanguage\":\"da-DK\"},{\"@type\":\"Organization\",\"@id\":\"http:\/\/aarslevservice.dk\/#organization\",\"name\":\"Aarslevservice.dk\",\"url\":\"http:\/\/aarslevservice.dk\/\",\"logo\":{\"@type\":\"ImageObject\",\"inLanguage\":\"da-DK\",\"@id\":\"http:\/\/aarslevservice.dk\/#\/schema\/logo\/image\/\",\"url\":\"https:\/\/aarslevservice.dk\/wp-content\/uploads\/2024\/10\/image__1_-removebg-preview.png\",\"contentUrl\":\"https:\/\/aarslevservice.dk\/wp-content\/uploads\/2024\/10\/image__1_-removebg-preview.png\",\"width\":195,\"height\":239,\"caption\":\"Aarslevservice.dk\"},\"image\":{\"@id\":\"http:\/\/aarslevservice.dk\/#\/schema\/logo\/image\/\"},\"sameAs\":[\"https:\/\/www.facebook.com\/profile.php?id=61563999506010&locale=da_DK\"]}]}<\/script>\n<!-- \/ Yoast SEO plugin. -->","yoast_head_json":{"title":"Pakker - Aarslevservice.dk","robots":{"index":"index","follow":"follow","max-snippet":"max-snippet:-1","max-image-preview":"max-image-preview:large","max-video-preview":"max-video-preview:-1"},"canonical":"https:\/\/aarslevservice.dk\/?page_id=4401","og_locale":"da_DK","og_type":"article","og_title":"Pakker - Aarslevservice.dk","og_description":"Festpakker Festpakker Pakke A Festtelt 6&#215;6 Gulv 6 borde 36 banquet stol 36 services\u00e6t Slush ice maskine 50 b\u00e6gre 2 safter Pakken kan justeres efter behov i foresp\u00f8rgsel. 4.995 kr Pakke B Festtelt 6&#215;9 Gulv 8 borde 48 banquet stol 48 services\u00e6t Slush ice maskine 50 b\u00e6gre 2 safter Pakken kan justeres efter behov i [&hellip;]","og_url":"https:\/\/aarslevservice.dk\/?page_id=4401","og_site_name":"Aarslevservice.dk","article_publisher":"https:\/\/www.facebook.com\/profile.php?id=61563999506010&locale=da_DK","article_modified_time":"2026-03-21T17:03:38+00:00","og_image":[{"url":"http:\/\/aarslevservice.dk\/wp-content\/uploads\/2024\/12\/Skaermbillede-2024-12-13-kl.-17.40.11-1024x221.png","type":"","width":"","height":""}],"twitter_card":"summary_large_image","twitter_misc":{"Estimeret l\u00e6setid":"1 minut"},"schema":{"@context":"https:\/\/schema.org","@graph":[{"@type":"WebPage","@id":"https:\/\/aarslevservice.dk\/?page_id=4401","url":"https:\/\/aarslevservice.dk\/?page_id=4401","name":"Pakker - Aarslevservice.dk","isPartOf":{"@id":"http:\/\/aarslevservice.dk\/#website"},"primaryImageOfPage":{"@id":"https:\/\/aarslevservice.dk\/?page_id=4401#primaryimage"},"image":{"@id":"https:\/\/aarslevservice.dk\/?page_id=4401#primaryimage"},"thumbnailUrl":"http:\/\/aarslevservice.dk\/wp-content\/uploads\/2024\/12\/Skaermbillede-2024-12-13-kl.-17.40.11-1024x221.png","datePublished":"2026-03-12T21:40:37+00:00","dateModified":"2026-03-21T17:03:38+00:00","breadcrumb":{"@id":"https:\/\/aarslevservice.dk\/?page_id=4401#breadcrumb"},"inLanguage":"da-DK","potentialAction":[{"@type":"ReadAction","target":["https:\/\/aarslevservice.dk\/?page_id=4401"]}]},{"@type":"ImageObject","inLanguage":"da-DK","@id":"https:\/\/aarslevservice.dk\/?page_id=4401#primaryimage","url":"http:\/\/aarslevservice.dk\/wp-content\/uploads\/2024\/12\/Skaermbillede-2024-12-13-kl.-17.40.11-1024x221.png","contentUrl":"http:\/\/aarslevservice.dk\/wp-content\/uploads\/2024\/12\/Skaermbillede-2024-12-13-kl.-17.40.11-1024x221.png"},{"@type":"BreadcrumbList","@id":"https:\/\/aarslevservice.dk\/?page_id=4401#breadcrumb","itemListElement":[{"@type":"ListItem","position":1,"name":"Hjem","item":"http:\/\/aarslevservice.dk\/"},{"@type":"ListItem","position":2,"name":"Pakker"}]},{"@type":"WebSite","@id":"http:\/\/aarslevservice.dk\/#website","url":"http:\/\/aarslevservice.dk\/","name":"Aarslevservice.dk","description":"Fuldend festen med vores udstyr !","publisher":{"@id":"http:\/\/aarslevservice.dk\/#organization"},"potentialAction":[{"@type":"SearchAction","target":{"@type":"EntryPoint","urlTemplate":"http:\/\/aarslevservice.dk\/?s={search_term_string}"},"query-input":{"@type":"PropertyValueSpecification","valueRequired":true,"valueName":"search_term_string"}}],"inLanguage":"da-DK"},{"@type":"Organization","@id":"http:\/\/aarslevservice.dk\/#organization","name":"Aarslevservice.dk","url":"http:\/\/aarslevservice.dk\/","logo":{"@type":"ImageObject","inLanguage":"da-DK","@id":"http:\/\/aarslevservice.dk\/#\/schema\/logo\/image\/","url":"https:\/\/aarslevservice.dk\/wp-content\/uploads\/2024\/10\/image__1_-removebg-preview.png","contentUrl":"https:\/\/aarslevservice.dk\/wp-content\/uploads\/2024\/10\/image__1_-removebg-preview.png","width":195,"height":239,"caption":"Aarslevservice.dk"},"image":{"@id":"http:\/\/aarslevservice.dk\/#\/schema\/logo\/image\/"},"sameAs":["https:\/\/www.facebook.com\/profile.php?id=61563999506010&locale=da_DK"]}]}},"_links":{"self":[{"href":"https:\/\/aarslevservice.dk\/index.php?rest_route=\/wp\/v2\/pages\/4401","targetHints":{"allow":["GET"]}}],"collection":[{"href":"https:\/\/aarslevservice.dk\/index.php?rest_route=\/wp\/v2\/pages"}],"about":[{"href":"https:\/\/aarslevservice.dk\/index.php?rest_route=\/wp\/v2\/types\/page"}],"author":[{"embeddable":true,"href":"https:\/\/aarslevservice.dk\/index.php?rest_route=\/wp\/v2\/users\/1"}],"replies":[{"embeddable":true,"href":"https:\/\/aarslevservice.dk\/index.php?rest_route=%2Fwp%2Fv2%2Fcomments&post=4401"}],"version-history":[{"count":10,"href":"https:\/\/aarslevservice.dk\/index.php?rest_route=\/wp\/v2\/pages\/4401\/revisions"}],"predecessor-version":[{"id":4418,"href":"https:\/\/aarslevservice.dk\/index.php?rest_route=\/wp\/v2\/pages\/4401\/revisions\/4418"}],"wp:attachment":[{"href":"https:\/\/aarslevservice.dk\/index.php?rest_route=%2Fwp%2Fv2%2Fmedia&parent=4401"}],"curies":[{"name":"wp","href":"https:\/\/api.w.org\/{rel}","templated":true}]}}