{"id":577,"date":"2024-11-21T17:10:36","date_gmt":"2024-11-21T17:10:36","guid":{"rendered":"https:\/\/aarslevservice.dk\/?page_id=577"},"modified":"2025-12-20T21:56:55","modified_gmt":"2025-12-20T21:56:55","slug":"persondata-politik","status":"publish","type":"page","link":"https:\/\/aarslevservice.dk\/?page_id=577","title":{"rendered":"Persondata politik"},"content":{"rendered":"\t\t<div data-elementor-type=\"wp-page\" data-elementor-id=\"577\" class=\"elementor elementor-577\" data-elementor-post-type=\"page\">\n\t\t\t\t<div class=\"elementor-element elementor-element-a6ee6ba e-flex e-con-boxed e-con e-parent\" data-id=\"a6ee6ba\" data-element_type=\"container\" data-settings=\"{&quot;background_background&quot;:&quot;gradient&quot;}\">\n\t\t\t\t\t<div class=\"e-con-inner\">\n\t\t<div class=\"elementor-element elementor-element-e97cea8 e-con-full e-flex e-con e-child\" data-id=\"e97cea8\" data-element_type=\"container\">\n\t\t\t\t<div class=\"elementor-element elementor-element-af72a7c elementor-widget elementor-widget-image\" data-id=\"af72a7c\" data-element_type=\"widget\" data-widget_type=\"image.default\">\n\t\t\t\t<div class=\"elementor-widget-container\">\n\t\t\t\t\t\t\t\t\t\t\t\t\t\t\t<img fetchpriority=\"high\" decoding=\"async\" width=\"800\" height=\"173\" src=\"https:\/\/aarslevservice.dk\/wp-content\/uploads\/2024\/12\/Skaermbillede-2024-12-13-kl.-17.40.11-1024x221.png\" class=\"attachment-large size-large wp-image-1431\" alt=\"\" srcset=\"https:\/\/aarslevservice.dk\/wp-content\/uploads\/2024\/12\/Skaermbillede-2024-12-13-kl.-17.40.11-1024x221.png 1024w, https:\/\/aarslevservice.dk\/wp-content\/uploads\/2024\/12\/Skaermbillede-2024-12-13-kl.-17.40.11-300x65.png 300w, https:\/\/aarslevservice.dk\/wp-content\/uploads\/2024\/12\/Skaermbillede-2024-12-13-kl.-17.40.11-768x165.png 768w, https:\/\/aarslevservice.dk\/wp-content\/uploads\/2024\/12\/Skaermbillede-2024-12-13-kl.-17.40.11-1536x331.png 1536w, https:\/\/aarslevservice.dk\/wp-content\/uploads\/2024\/12\/Skaermbillede-2024-12-13-kl.-17.40.11-600x129.png 600w, https:\/\/aarslevservice.dk\/wp-content\/uploads\/2024\/12\/Skaermbillede-2024-12-13-kl.-17.40.11.png 2014w\" sizes=\"(max-width: 800px) 100vw, 800px\" \/>\t\t\t\t\t\t\t\t\t\t\t\t\t\t\t<\/div>\n\t\t\t\t<\/div>\n\t\t\t\t<\/div>\n\t\t<div class=\"elementor-element elementor-element-d3f8272 e-con-full e-flex e-con e-child\" data-id=\"d3f8272\" data-element_type=\"container\">\n\t\t\t\t<div class=\"elementor-element elementor-element-1cd354c elementor-widget__width-initial elementor-widget-mobile__width-initial elementor-nav-menu--stretch elementor-nav-menu__text-align-aside elementor-nav-menu--toggle elementor-nav-menu--burger elementor-widget elementor-widget-nav-menu\" data-id=\"1cd354c\" data-element_type=\"widget\" data-settings=\"{&quot;toggle_icon_hover_animation&quot;:&quot;pulse-shrink&quot;,&quot;layout&quot;:&quot;dropdown&quot;,&quot;full_width&quot;:&quot;stretch&quot;,&quot;submenu_icon&quot;:{&quot;value&quot;:&quot;&lt;i class=\\&quot;\\&quot;&gt;&lt;\\\/i&gt;&quot;,&quot;library&quot;:&quot;&quot;},&quot;toggle&quot;:&quot;burger&quot;}\" data-widget_type=\"nav-menu.default\">\n\t\t\t\t<div class=\"elementor-widget-container\">\n\t\t\t\t\t\t\t<div class=\"elementor-menu-toggle\" role=\"button\" tabindex=\"0\" aria-label=\"Menuskift\" aria-expanded=\"false\">\n\t\t\t<svg aria-hidden=\"true\" role=\"presentation\" class=\"elementor-menu-toggle__icon--open elementor-animation-pulse-shrink e-font-icon-svg e-eicon-menu-bar\" viewBox=\"0 0 1000 1000\" xmlns=\"http:\/\/www.w3.org\/2000\/svg\"><path d=\"M104 333H896C929 333 958 304 958 271S929 208 896 208H104C71 208 42 237 42 271S71 333 104 333ZM104 583H896C929 583 958 554 958 521S929 458 896 458H104C71 458 42 487 42 521S71 583 104 583ZM104 833H896C929 833 958 804 958 771S929 708 896 708H104C71 708 42 737 42 771S71 833 104 833Z\"><\/path><\/svg><svg aria-hidden=\"true\" role=\"presentation\" class=\"elementor-menu-toggle__icon--close elementor-animation-pulse-shrink e-font-icon-svg e-eicon-close\" viewBox=\"0 0 1000 1000\" xmlns=\"http:\/\/www.w3.org\/2000\/svg\"><path d=\"M742 167L500 408 258 167C246 154 233 150 217 150 196 150 179 158 167 167 154 179 150 196 150 212 150 229 154 242 171 254L408 500 167 742C138 771 138 800 167 829 196 858 225 858 254 829L496 587 738 829C750 842 767 846 783 846 800 846 817 842 829 829 842 817 846 804 846 783 846 767 842 750 829 737L588 500 833 258C863 229 863 200 833 171 804 137 775 137 742 167Z\"><\/path><\/svg>\t\t<\/div>\n\t\t\t\t\t<nav class=\"elementor-nav-menu--dropdown elementor-nav-menu__container\" aria-hidden=\"true\">\n\t\t\t\t<ul id=\"menu-2-1cd354c\" class=\"elementor-nav-menu\"><li class=\"menu-item menu-item-type-post_type menu-item-object-page menu-item-home menu-item-3632\"><a href=\"https:\/\/aarslevservice.dk\/\" class=\"elementor-item\" tabindex=\"-1\">Hjem<\/a><\/li>\n<li class=\"menu-item menu-item-type-post_type menu-item-object-page menu-item-3633\"><a href=\"https:\/\/aarslevservice.dk\/?page_id=70\" class=\"elementor-item\" tabindex=\"-1\">Produkter<\/a><\/li>\n<li class=\"menu-item menu-item-type-post_type menu-item-object-page menu-item-3649\"><a href=\"https:\/\/aarslevservice.dk\/?page_id=10\" class=\"elementor-item\" tabindex=\"-1\">Kurv<\/a><\/li>\n<li class=\"menu-item menu-item-type-post_type menu-item-object-page menu-item-3635\"><a href=\"https:\/\/aarslevservice.dk\/?page_id=3625\" class=\"elementor-item\" tabindex=\"-1\">Tilbud<\/a><\/li>\n<li class=\"menu-item menu-item-type-post_type menu-item-object-page menu-item-3636\"><a href=\"https:\/\/aarslevservice.dk\/?page_id=74\" class=\"elementor-item\" tabindex=\"-1\">Kontakt<\/a><\/li>\n<\/ul>\t\t\t<\/nav>\n\t\t\t\t\t\t<\/div>\n\t\t\t\t<\/div>\n\t\t\t\t<\/div>\n\t\t\t\t\t<\/div>\n\t\t\t\t<\/div>\n\t\t<div class=\"elementor-element elementor-element-a360124 e-flex e-con-boxed e-con e-parent\" data-id=\"a360124\" data-element_type=\"container\">\n\t\t\t\t\t<div class=\"e-con-inner\">\n\t\t\t\t<div class=\"elementor-element elementor-element-828993f elementor-widget elementor-widget-spacer\" data-id=\"828993f\" data-element_type=\"widget\" data-widget_type=\"spacer.default\">\n\t\t\t\t<div class=\"elementor-widget-container\">\n\t\t\t\t\t\t\t<div class=\"elementor-spacer\">\n\t\t\t<div class=\"elementor-spacer-inner\"><\/div>\n\t\t<\/div>\n\t\t\t\t\t\t<\/div>\n\t\t\t\t<\/div>\n\t\t\t\t<div class=\"elementor-element elementor-element-348ee6a elementor-widget elementor-widget-html\" data-id=\"348ee6a\" data-element_type=\"widget\" data-widget_type=\"html.default\">\n\t\t\t\t<div class=\"elementor-widget-container\">\n\t\t\t\t\t<!DOCTYPE html>\r\n<html lang=\"da\">\r\n<head>\r\n    <meta charset=\"UTF-8\">\r\n    <meta name=\"viewport\" content=\"width=device-width, initial-scale=1.0\">\r\n    <title>Privatlivspolitik - Aarslev Service. ApS<\/title>\r\n    <style>\r\n        \/* Alt CSS kun inden for #privatliv-page *\/\r\n        #privatliv-page {\r\n            font-family: \"Segoe UI\", Tahoma, Geneva, Verdana, sans-serif;\r\n            background-color: #fefefe;\r\n            color: #222;\r\n            padding: 20px;\r\n            line-height: 1.6;\r\n        }\r\n\r\n        #privatliv-page .container {\r\n            max-width: 900px;\r\n            margin: 0 auto;\r\n            background-color: #fff;\r\n            padding: 25px 30px;\r\n            border-radius: 8px;\r\n            box-shadow: 0 4px 10px rgba(0,0,0,0.1);\r\n        }\r\n\r\n        #privatliv-page h1 {\r\n            text-align: center;\r\n            color: #004a85;\r\n            margin-bottom: 25px;\r\n            font-size: 2rem;\r\n        }\r\n\r\n        #privatliv-page h2 {\r\n            color: #0066c0;\r\n            margin-top: 20px;\r\n            margin-bottom: 10px;\r\n            border-bottom: 2px solid #0066c0;\r\n            padding-bottom: 5px;\r\n        }\r\n\r\n        #privatliv-page p, \r\n        #privatliv-page li {\r\n            margin-bottom: 12px;\r\n        }\r\n\r\n        #privatliv-page ul {\r\n            margin-left: 20px;\r\n            margin-bottom: 15px;\r\n        }\r\n\r\n        #privatliv-page a {\r\n            color: #004a85;\r\n            text-decoration: none;\r\n        }\r\n\r\n        #privatliv-page a:hover {\r\n            text-decoration: underline;\r\n        }\r\n\r\n        #privatliv-page footer {\r\n            text-align: center;\r\n            margin-top: 30px;\r\n            font-size: 0.9rem;\r\n            color: #555;\r\n        }\r\n\r\n        @media (max-width: 600px) {\r\n            #privatliv-page {\r\n                padding: 15px;\r\n            }\r\n\r\n            #privatliv-page .container {\r\n                padding: 20px;\r\n            }\r\n\r\n            #privatliv-page h1 {\r\n                font-size: 1.6rem;\r\n            }\r\n\r\n            #privatliv-page h2 {\r\n                font-size: 1.2rem;\r\n            }\r\n        }\r\n    <\/style>\r\n<\/head>\r\n<body>\r\n    <div id=\"privatliv-page\">\r\n        <div class=\"container\">\r\n            <h1>Privatlivspolitik<\/h1>\r\n\r\n            <p><strong>Aarslev Service. ApS<\/strong> er behandlingsansvarlig for behandlingen af personoplysninger som beskrevet i denne fortrolighedspolitik. I denne politik forklarer vi, hvilke typer personoplysninger vi indsamler og behandler, samt hvordan vi behandler dem. Denne politik g\u00e6lder for: <strong>aarslevservice.dk<\/strong><\/p>\r\n\r\n            <h2>Personoplysninger vi indsamler og behandler<\/h2>\r\n            <p>Vi behandler f\u00f8lgende kategorier af personoplysninger:<\/p>\r\n            <ul>\r\n                <li><strong>Grundl\u00e6ggende information:<\/strong> navn, f\u00f8dselsdato<\/li>\r\n                <li><strong>Kontaktinformation:<\/strong> adresse, telefonnummer, e-mailadresse<\/li>\r\n                <li><strong>Konto- og profilinformation:<\/strong> indstillinger, pr\u00e6ferencer<\/li>\r\n                <li><strong>Betalingsinformation:<\/strong> transaktionsinformation, betalingsmiddel<\/li>\r\n                <li><strong>Kundehistorik og kundeengagement:<\/strong> bestillings- og leveringsoplysninger, indk\u00f8bskurvbev\u00e6gelser, rabatkoder, loyalitetsprograminformation<\/li>\r\n                <li><strong>Aktive produkter og aftaler:<\/strong> produkter og tjenester, hvor meget og hvor ofte de bruges, status p\u00e5 produkter\/tjenester<\/li>\r\n                <li><strong>Kundeaktivitet:<\/strong> l\u00e6se- og handlingshistorik fra hjemmesider eller elektronisk kommunikation, vi sender ud. Samt teknisk information om enhederne, du bruger.<\/li>\r\n                <li><strong>Cookies:<\/strong> Se vores oplysninger om cookies her: <a href=\"https:\/\/www.cookiebot.com\">Cookiebot<\/a><\/li>\r\n            <\/ul>\r\n\r\n            <h2>Hvordan vi bruger personoplysningerne<\/h2>\r\n            <p>Vi bruger dine personoplysninger til f\u00f8lgende form\u00e5l:<\/p>\r\n            <ul>\r\n                <li><strong>Levering af service\/aftaleindg\u00e5else:<\/strong> Til at opfylde vores aftaler med dig, f.eks. n\u00e5r du har bestilt et produkt eller service.<\/li>\r\n                <li><strong>Administration af kundeforhold:<\/strong> Til kundeservice, klagebehandling og fejlretning.<\/li>\r\n                <li><strong>Analyse, forretningsudvikling og forbedring af tjenester:<\/strong> For at udvikle og forbedre vores produkter og tjenester.<\/li>\r\n                <li><strong>Tilpasset brugeroplevelse:<\/strong> For at skr\u00e6ddersy din brugeroplevelse og kommunikation.<\/li>\r\n                <li><strong>Salg og markedsf\u00f8ring:<\/strong> Til markedsf\u00f8ringsform\u00e5l og for at sende relevante tilbud og nyheder.<\/li>\r\n                <li><strong>Systemoverv\u00e5gning og fejlretning:<\/strong> For at overv\u00e5ge og fejlfinde systemer.<\/li>\r\n                <li><strong>Sikkerhed, afsl\u00f8ring af svindel og kriminelle handlinger:<\/strong> For at beskytte mod svindel og kriminelle handlinger.<\/li>\r\n                <li><strong>Overholdelse af juridiske forpligtelser:<\/strong> For at overholde lovgivning, som f.eks. bogf\u00f8ringsloven.<\/li>\r\n            <\/ul>\r\n\r\n            <h2>Dine rettigheder<\/h2>\r\n            <p>Du har f\u00f8lgende rettigheder i forbindelse med dine personoplysninger:<\/p>\r\n            <ul>\r\n                <li><strong>Rettighed til indsigt i egne oplysninger:<\/strong> Du kan anmode om en kopi af dine oplysninger. Kontakt os p\u00e5 <a href=\"mailto:info@aarslevservice.dk\">info@aarslevservice.dk<\/a>.<\/li>\r\n                <li><strong>Rettighed til korrektion af personoplysninger:<\/strong> Du har ret til at f\u00e5 rettet oplysninger, der er forkerte.<\/li>\r\n                <li><strong>Rettighed til sletning af personoplysninger:<\/strong> Du kan anmode om at f\u00e5 dine personoplysninger slettet, med visse undtagelser.<\/li>\r\n                <li><strong>Begr\u00e6nsning af behandling:<\/strong> Du kan anmode om, at vi begr\u00e6nser behandlingen af dine personoplysninger.<\/li>\r\n                <li><strong>Protest mod behandling:<\/strong> Du kan protestere mod behandlingen af dine oplysninger.<\/li>\r\n                <li><strong>Datab\u00e6rbarhed:<\/strong> Du har ret til at f\u00e5 udleveret dine oplysninger i et struktureret, almindeligt anvendt og maskinl\u00e6sbart format.<\/li>\r\n            <\/ul>\r\n\r\n            <h2>Du kan klage over vores behandling af personoplysninger<\/h2>\r\n            <p>Hvis du mener, at vi ikke overholder reglerne i persondataloven, bedes du kontakte os. Du kan ogs\u00e5 klage til Datatilsynet.<\/p>\r\n\r\n            <footer>\r\n                <p>&copy; 2024 Aarslev Service. ApS. Alle rettigheder forbeholdes.<\/p>\r\n            <\/footer>\r\n        <\/div>\r\n    <\/div>\r\n<\/body>\r\n<\/html>\r\n\t\t\t\t<\/div>\n\t\t\t\t<\/div>\n\t\t\t\t\t<\/div>\n\t\t\t\t<\/div>\n\t\t\t\t<\/div>\n\t\t","protected":false},"excerpt":{"rendered":"<p>Privatlivspolitik &#8211; Aarslev Service. ApS Privatlivspolitik Aarslev Service. ApS er behandlingsansvarlig for behandlingen af personoplysninger som beskrevet i denne fortrolighedspolitik. I denne politik forklarer vi, hvilke typer personoplysninger vi indsamler og behandler, samt hvordan vi behandler dem. Denne politik g\u00e6lder for: aarslevservice.dk Personoplysninger vi indsamler og behandler Vi behandler f\u00f8lgende kategorier af personoplysninger: Grundl\u00e6ggende information: [&hellip;]<\/p>\n","protected":false},"author":1,"featured_media":0,"parent":0,"menu_order":0,"comment_status":"closed","ping_status":"closed","template":"elementor_canvas","meta":{"footnotes":""},"class_list":["post-577","page","type-page","status-publish","hentry"],"yoast_head":"<!-- This site is optimized with the Yoast SEO plugin v25.4 - https:\/\/yoast.com\/wordpress\/plugins\/seo\/ -->\n<title>Persondata politik - Aarslevservice.dk<\/title>\n<meta name=\"robots\" content=\"index, follow, max-snippet:-1, max-image-preview:large, max-video-preview:-1\" \/>\n<link rel=\"canonical\" href=\"https:\/\/aarslevservice.dk\/?page_id=577\" \/>\n<meta property=\"og:locale\" content=\"da_DK\" \/>\n<meta property=\"og:type\" content=\"article\" \/>\n<meta property=\"og:title\" content=\"Persondata politik - Aarslevservice.dk\" \/>\n<meta property=\"og:description\" content=\"Privatlivspolitik &#8211; Aarslev Service. ApS Privatlivspolitik Aarslev Service. ApS er behandlingsansvarlig for behandlingen af personoplysninger som beskrevet i denne fortrolighedspolitik. I denne politik forklarer vi, hvilke typer personoplysninger vi indsamler og behandler, samt hvordan vi behandler dem. Denne politik g\u00e6lder for: aarslevservice.dk Personoplysninger vi indsamler og behandler Vi behandler f\u00f8lgende kategorier af personoplysninger: Grundl\u00e6ggende information: [&hellip;]\" \/>\n<meta property=\"og:url\" content=\"https:\/\/aarslevservice.dk\/?page_id=577\" \/>\n<meta property=\"og:site_name\" content=\"Aarslevservice.dk\" \/>\n<meta property=\"article:publisher\" content=\"https:\/\/www.facebook.com\/profile.php?id=61563999506010&amp;locale=da_DK\" \/>\n<meta property=\"article:modified_time\" content=\"2025-12-20T21:56:55+00:00\" \/>\n<meta property=\"og:image\" content=\"http:\/\/aarslevservice.dk\/wp-content\/uploads\/2024\/12\/Skaermbillede-2024-12-13-kl.-17.40.11-1024x221.png\" \/>\n<meta name=\"twitter:card\" content=\"summary_large_image\" \/>\n<meta name=\"twitter:label1\" content=\"Estimeret l\u00e6setid\" \/>\n\t<meta name=\"twitter:data1\" content=\"3 minutter\" \/>\n<script type=\"application\/ld+json\" class=\"yoast-schema-graph\">{\"@context\":\"https:\/\/schema.org\",\"@graph\":[{\"@type\":\"WebPage\",\"@id\":\"https:\/\/aarslevservice.dk\/?page_id=577\",\"url\":\"https:\/\/aarslevservice.dk\/?page_id=577\",\"name\":\"Persondata politik - Aarslevservice.dk\",\"isPartOf\":{\"@id\":\"https:\/\/aarslevservice.dk\/#website\"},\"primaryImageOfPage\":{\"@id\":\"https:\/\/aarslevservice.dk\/?page_id=577#primaryimage\"},\"image\":{\"@id\":\"https:\/\/aarslevservice.dk\/?page_id=577#primaryimage\"},\"thumbnailUrl\":\"http:\/\/aarslevservice.dk\/wp-content\/uploads\/2024\/12\/Skaermbillede-2024-12-13-kl.-17.40.11-1024x221.png\",\"datePublished\":\"2024-11-21T17:10:36+00:00\",\"dateModified\":\"2025-12-20T21:56:55+00:00\",\"breadcrumb\":{\"@id\":\"https:\/\/aarslevservice.dk\/?page_id=577#breadcrumb\"},\"inLanguage\":\"da-DK\",\"potentialAction\":[{\"@type\":\"ReadAction\",\"target\":[\"https:\/\/aarslevservice.dk\/?page_id=577\"]}]},{\"@type\":\"ImageObject\",\"inLanguage\":\"da-DK\",\"@id\":\"https:\/\/aarslevservice.dk\/?page_id=577#primaryimage\",\"url\":\"http:\/\/aarslevservice.dk\/wp-content\/uploads\/2024\/12\/Skaermbillede-2024-12-13-kl.-17.40.11-1024x221.png\",\"contentUrl\":\"http:\/\/aarslevservice.dk\/wp-content\/uploads\/2024\/12\/Skaermbillede-2024-12-13-kl.-17.40.11-1024x221.png\"},{\"@type\":\"BreadcrumbList\",\"@id\":\"https:\/\/aarslevservice.dk\/?page_id=577#breadcrumb\",\"itemListElement\":[{\"@type\":\"ListItem\",\"position\":1,\"name\":\"Hjem\",\"item\":\"http:\/\/aarslevservice.dk\/\"},{\"@type\":\"ListItem\",\"position\":2,\"name\":\"Persondata politik\"}]},{\"@type\":\"WebSite\",\"@id\":\"https:\/\/aarslevservice.dk\/#website\",\"url\":\"https:\/\/aarslevservice.dk\/\",\"name\":\"Aarslevservice.dk\",\"description\":\"Fuldend festen med vores udstyr !\",\"publisher\":{\"@id\":\"https:\/\/aarslevservice.dk\/#organization\"},\"potentialAction\":[{\"@type\":\"SearchAction\",\"target\":{\"@type\":\"EntryPoint\",\"urlTemplate\":\"https:\/\/aarslevservice.dk\/?s={search_term_string}\"},\"query-input\":{\"@type\":\"PropertyValueSpecification\",\"valueRequired\":true,\"valueName\":\"search_term_string\"}}],\"inLanguage\":\"da-DK\"},{\"@type\":\"Organization\",\"@id\":\"https:\/\/aarslevservice.dk\/#organization\",\"name\":\"Aarslevservice.dk\",\"url\":\"https:\/\/aarslevservice.dk\/\",\"logo\":{\"@type\":\"ImageObject\",\"inLanguage\":\"da-DK\",\"@id\":\"https:\/\/aarslevservice.dk\/#\/schema\/logo\/image\/\",\"url\":\"https:\/\/aarslevservice.dk\/wp-content\/uploads\/2024\/10\/image__1_-removebg-preview.png\",\"contentUrl\":\"https:\/\/aarslevservice.dk\/wp-content\/uploads\/2024\/10\/image__1_-removebg-preview.png\",\"width\":195,\"height\":239,\"caption\":\"Aarslevservice.dk\"},\"image\":{\"@id\":\"https:\/\/aarslevservice.dk\/#\/schema\/logo\/image\/\"},\"sameAs\":[\"https:\/\/www.facebook.com\/profile.php?id=61563999506010&locale=da_DK\"]}]}<\/script>\n<!-- \/ Yoast SEO plugin. -->","yoast_head_json":{"title":"Persondata politik - Aarslevservice.dk","robots":{"index":"index","follow":"follow","max-snippet":"max-snippet:-1","max-image-preview":"max-image-preview:large","max-video-preview":"max-video-preview:-1"},"canonical":"https:\/\/aarslevservice.dk\/?page_id=577","og_locale":"da_DK","og_type":"article","og_title":"Persondata politik - Aarslevservice.dk","og_description":"Privatlivspolitik &#8211; Aarslev Service. ApS Privatlivspolitik Aarslev Service. ApS er behandlingsansvarlig for behandlingen af personoplysninger som beskrevet i denne fortrolighedspolitik. I denne politik forklarer vi, hvilke typer personoplysninger vi indsamler og behandler, samt hvordan vi behandler dem. Denne politik g\u00e6lder for: aarslevservice.dk Personoplysninger vi indsamler og behandler Vi behandler f\u00f8lgende kategorier af personoplysninger: Grundl\u00e6ggende information: [&hellip;]","og_url":"https:\/\/aarslevservice.dk\/?page_id=577","og_site_name":"Aarslevservice.dk","article_publisher":"https:\/\/www.facebook.com\/profile.php?id=61563999506010&locale=da_DK","article_modified_time":"2025-12-20T21:56:55+00:00","og_image":[{"url":"http:\/\/aarslevservice.dk\/wp-content\/uploads\/2024\/12\/Skaermbillede-2024-12-13-kl.-17.40.11-1024x221.png","type":"","width":"","height":""}],"twitter_card":"summary_large_image","twitter_misc":{"Estimeret l\u00e6setid":"3 minutter"},"schema":{"@context":"https:\/\/schema.org","@graph":[{"@type":"WebPage","@id":"https:\/\/aarslevservice.dk\/?page_id=577","url":"https:\/\/aarslevservice.dk\/?page_id=577","name":"Persondata politik - Aarslevservice.dk","isPartOf":{"@id":"https:\/\/aarslevservice.dk\/#website"},"primaryImageOfPage":{"@id":"https:\/\/aarslevservice.dk\/?page_id=577#primaryimage"},"image":{"@id":"https:\/\/aarslevservice.dk\/?page_id=577#primaryimage"},"thumbnailUrl":"http:\/\/aarslevservice.dk\/wp-content\/uploads\/2024\/12\/Skaermbillede-2024-12-13-kl.-17.40.11-1024x221.png","datePublished":"2024-11-21T17:10:36+00:00","dateModified":"2025-12-20T21:56:55+00:00","breadcrumb":{"@id":"https:\/\/aarslevservice.dk\/?page_id=577#breadcrumb"},"inLanguage":"da-DK","potentialAction":[{"@type":"ReadAction","target":["https:\/\/aarslevservice.dk\/?page_id=577"]}]},{"@type":"ImageObject","inLanguage":"da-DK","@id":"https:\/\/aarslevservice.dk\/?page_id=577#primaryimage","url":"http:\/\/aarslevservice.dk\/wp-content\/uploads\/2024\/12\/Skaermbillede-2024-12-13-kl.-17.40.11-1024x221.png","contentUrl":"http:\/\/aarslevservice.dk\/wp-content\/uploads\/2024\/12\/Skaermbillede-2024-12-13-kl.-17.40.11-1024x221.png"},{"@type":"BreadcrumbList","@id":"https:\/\/aarslevservice.dk\/?page_id=577#breadcrumb","itemListElement":[{"@type":"ListItem","position":1,"name":"Hjem","item":"http:\/\/aarslevservice.dk\/"},{"@type":"ListItem","position":2,"name":"Persondata politik"}]},{"@type":"WebSite","@id":"https:\/\/aarslevservice.dk\/#website","url":"https:\/\/aarslevservice.dk\/","name":"Aarslevservice.dk","description":"Fuldend festen med vores udstyr !","publisher":{"@id":"https:\/\/aarslevservice.dk\/#organization"},"potentialAction":[{"@type":"SearchAction","target":{"@type":"EntryPoint","urlTemplate":"https:\/\/aarslevservice.dk\/?s={search_term_string}"},"query-input":{"@type":"PropertyValueSpecification","valueRequired":true,"valueName":"search_term_string"}}],"inLanguage":"da-DK"},{"@type":"Organization","@id":"https:\/\/aarslevservice.dk\/#organization","name":"Aarslevservice.dk","url":"https:\/\/aarslevservice.dk\/","logo":{"@type":"ImageObject","inLanguage":"da-DK","@id":"https:\/\/aarslevservice.dk\/#\/schema\/logo\/image\/","url":"https:\/\/aarslevservice.dk\/wp-content\/uploads\/2024\/10\/image__1_-removebg-preview.png","contentUrl":"https:\/\/aarslevservice.dk\/wp-content\/uploads\/2024\/10\/image__1_-removebg-preview.png","width":195,"height":239,"caption":"Aarslevservice.dk"},"image":{"@id":"https:\/\/aarslevservice.dk\/#\/schema\/logo\/image\/"},"sameAs":["https:\/\/www.facebook.com\/profile.php?id=61563999506010&locale=da_DK"]}]}},"_links":{"self":[{"href":"https:\/\/aarslevservice.dk\/index.php?rest_route=\/wp\/v2\/pages\/577","targetHints":{"allow":["GET"]}}],"collection":[{"href":"https:\/\/aarslevservice.dk\/index.php?rest_route=\/wp\/v2\/pages"}],"about":[{"href":"https:\/\/aarslevservice.dk\/index.php?rest_route=\/wp\/v2\/types\/page"}],"author":[{"embeddable":true,"href":"https:\/\/aarslevservice.dk\/index.php?rest_route=\/wp\/v2\/users\/1"}],"replies":[{"embeddable":true,"href":"https:\/\/aarslevservice.dk\/index.php?rest_route=%2Fwp%2Fv2%2Fcomments&post=577"}],"version-history":[{"count":14,"href":"https:\/\/aarslevservice.dk\/index.php?rest_route=\/wp\/v2\/pages\/577\/revisions"}],"predecessor-version":[{"id":3568,"href":"https:\/\/aarslevservice.dk\/index.php?rest_route=\/wp\/v2\/pages\/577\/revisions\/3568"}],"wp:attachment":[{"href":"https:\/\/aarslevservice.dk\/index.php?rest_route=%2Fwp%2Fv2%2Fmedia&parent=577"}],"curies":[{"name":"wp","href":"https:\/\/api.w.org\/{rel}","templated":true}]}}