{"id":70,"date":"2024-10-19T13:44:02","date_gmt":"2024-10-19T13:44:02","guid":{"rendered":"https:\/\/aarslevservice.dk\/?page_id=70"},"modified":"2026-04-27T18:42:04","modified_gmt":"2026-04-27T18:42:04","slug":"prudukter","status":"publish","type":"page","link":"https:\/\/aarslevservice.dk\/?page_id=70","title":{"rendered":"Produkter"},"content":{"rendered":"\t\t<div data-elementor-type=\"wp-page\" data-elementor-id=\"70\" class=\"elementor elementor-70\" data-elementor-post-type=\"page\">\n\t\t\t\t<div class=\"elementor-element elementor-element-5f189cf e-flex e-con-boxed e-con e-parent\" data-id=\"5f189cf\" data-element_type=\"container\" data-settings=\"{&quot;background_background&quot;:&quot;gradient&quot;}\">\n\t\t\t\t\t<div class=\"e-con-inner\">\n\t\t<div class=\"elementor-element elementor-element-5e8e730 e-con-full e-flex e-con e-child\" data-id=\"5e8e730\" data-element_type=\"container\">\n\t\t\t\t<div class=\"elementor-element elementor-element-d1d679a elementor-widget elementor-widget-image\" data-id=\"d1d679a\" data-element_type=\"widget\" data-widget_type=\"image.default\">\n\t\t\t\t<div class=\"elementor-widget-container\">\n\t\t\t\t\t\t\t\t\t\t\t\t\t\t\t<img fetchpriority=\"high\" decoding=\"async\" width=\"800\" height=\"173\" src=\"https:\/\/aarslevservice.dk\/wp-content\/uploads\/2024\/12\/Skaermbillede-2024-12-13-kl.-17.40.11-1024x221.png\" class=\"attachment-large size-large wp-image-1431\" alt=\"\" srcset=\"https:\/\/aarslevservice.dk\/wp-content\/uploads\/2024\/12\/Skaermbillede-2024-12-13-kl.-17.40.11-1024x221.png 1024w, https:\/\/aarslevservice.dk\/wp-content\/uploads\/2024\/12\/Skaermbillede-2024-12-13-kl.-17.40.11-300x65.png 300w, https:\/\/aarslevservice.dk\/wp-content\/uploads\/2024\/12\/Skaermbillede-2024-12-13-kl.-17.40.11-768x165.png 768w, https:\/\/aarslevservice.dk\/wp-content\/uploads\/2024\/12\/Skaermbillede-2024-12-13-kl.-17.40.11-1536x331.png 1536w, https:\/\/aarslevservice.dk\/wp-content\/uploads\/2024\/12\/Skaermbillede-2024-12-13-kl.-17.40.11-600x129.png 600w, https:\/\/aarslevservice.dk\/wp-content\/uploads\/2024\/12\/Skaermbillede-2024-12-13-kl.-17.40.11.png 2014w\" sizes=\"(max-width: 800px) 100vw, 800px\" \/>\t\t\t\t\t\t\t\t\t\t\t\t\t\t\t<\/div>\n\t\t\t\t<\/div>\n\t\t\t\t<\/div>\n\t\t<div class=\"elementor-element elementor-element-c4b3b09 e-con-full e-flex e-con e-child\" data-id=\"c4b3b09\" data-element_type=\"container\">\n\t\t\t\t<div class=\"elementor-element elementor-element-c5ceb3a elementor-widget__width-initial elementor-widget-mobile__width-initial elementor-nav-menu--stretch elementor-nav-menu__text-align-aside elementor-nav-menu--toggle elementor-nav-menu--burger elementor-widget elementor-widget-nav-menu\" data-id=\"c5ceb3a\" data-element_type=\"widget\" data-settings=\"{&quot;toggle_icon_hover_animation&quot;:&quot;pulse-shrink&quot;,&quot;layout&quot;:&quot;dropdown&quot;,&quot;full_width&quot;:&quot;stretch&quot;,&quot;submenu_icon&quot;:{&quot;value&quot;:&quot;&lt;i class=\\&quot;\\&quot;&gt;&lt;\\\/i&gt;&quot;,&quot;library&quot;:&quot;&quot;},&quot;toggle&quot;:&quot;burger&quot;}\" data-widget_type=\"nav-menu.default\">\n\t\t\t\t<div class=\"elementor-widget-container\">\n\t\t\t\t\t\t\t<div class=\"elementor-menu-toggle\" role=\"button\" tabindex=\"0\" aria-label=\"Menuskift\" aria-expanded=\"false\">\n\t\t\t<svg aria-hidden=\"true\" role=\"presentation\" class=\"elementor-menu-toggle__icon--open elementor-animation-pulse-shrink e-font-icon-svg e-eicon-menu-bar\" viewBox=\"0 0 1000 1000\" xmlns=\"http:\/\/www.w3.org\/2000\/svg\"><path d=\"M104 333H896C929 333 958 304 958 271S929 208 896 208H104C71 208 42 237 42 271S71 333 104 333ZM104 583H896C929 583 958 554 958 521S929 458 896 458H104C71 458 42 487 42 521S71 583 104 583ZM104 833H896C929 833 958 804 958 771S929 708 896 708H104C71 708 42 737 42 771S71 833 104 833Z\"><\/path><\/svg><svg aria-hidden=\"true\" role=\"presentation\" class=\"elementor-menu-toggle__icon--close elementor-animation-pulse-shrink e-font-icon-svg e-eicon-close\" viewBox=\"0 0 1000 1000\" xmlns=\"http:\/\/www.w3.org\/2000\/svg\"><path d=\"M742 167L500 408 258 167C246 154 233 150 217 150 196 150 179 158 167 167 154 179 150 196 150 212 150 229 154 242 171 254L408 500 167 742C138 771 138 800 167 829 196 858 225 858 254 829L496 587 738 829C750 842 767 846 783 846 800 846 817 842 829 829 842 817 846 804 846 783 846 767 842 750 829 737L588 500 833 258C863 229 863 200 833 171 804 137 775 137 742 167Z\"><\/path><\/svg>\t\t<\/div>\n\t\t\t\t\t<nav class=\"elementor-nav-menu--dropdown elementor-nav-menu__container\" aria-hidden=\"true\">\n\t\t\t\t<ul id=\"menu-2-c5ceb3a\" class=\"elementor-nav-menu\"><li class=\"menu-item menu-item-type-post_type menu-item-object-page menu-item-home menu-item-3632\"><a href=\"https:\/\/aarslevservice.dk\/\" class=\"elementor-item\" tabindex=\"-1\">Hjem<\/a><\/li>\n<li class=\"menu-item menu-item-type-post_type menu-item-object-page menu-item-3633\"><a href=\"https:\/\/aarslevservice.dk\/?page_id=70\" class=\"elementor-item\" tabindex=\"-1\">Produkter<\/a><\/li>\n<li class=\"menu-item menu-item-type-post_type menu-item-object-page menu-item-3649\"><a href=\"https:\/\/aarslevservice.dk\/?page_id=10\" class=\"elementor-item\" tabindex=\"-1\">Kurv<\/a><\/li>\n<li class=\"menu-item menu-item-type-post_type menu-item-object-page menu-item-3635\"><a href=\"https:\/\/aarslevservice.dk\/?page_id=3625\" class=\"elementor-item\" tabindex=\"-1\">Tilbud<\/a><\/li>\n<li class=\"menu-item menu-item-type-post_type menu-item-object-page menu-item-3636\"><a href=\"https:\/\/aarslevservice.dk\/?page_id=74\" class=\"elementor-item\" tabindex=\"-1\">Kontakt<\/a><\/li>\n<\/ul>\t\t\t<\/nav>\n\t\t\t\t\t\t<\/div>\n\t\t\t\t<\/div>\n\t\t\t\t<\/div>\n\t\t\t\t\t<\/div>\n\t\t\t\t<\/div>\n\t\t<div class=\"elementor-element elementor-element-0050403 e-flex e-con-boxed e-con e-parent\" data-id=\"0050403\" data-element_type=\"container\">\n\t\t\t\t\t<div class=\"e-con-inner\">\n\t\t\t\t<div class=\"elementor-element elementor-element-af98fb5 elementor-widget elementor-widget-html\" data-id=\"af98fb5\" data-element_type=\"widget\" data-widget_type=\"html.default\">\n\t\t\t\t<div class=\"elementor-widget-container\">\n\t\t\t\t\t<section class=\"asp-products-sej\">\n  <div class=\"container\">\n    <h2>Vores produkter<\/h2>\n    <div class=\"products-grid\">\n\n      <!-- Produkt 1 -->\n      <div class=\"product-card\">\n        <div class=\"image-wrap\">\n          <img decoding=\"async\" src=\"https:\/\/aarslevservice.dk\/wp-content\/uploads\/2026\/04\/IMG_1953-300x300.jpeg\" alt=\"Telt 9 m\">\n        <\/div>\n        <div class=\"product-info\">\n          <h3>Telt 9 m<\/h3>\n          <p>Kan f\u00e5s i st\u00f8rrelserne 9x9 m, 9x6 m, perfekt til fester<\/p>\n          <a href=\"https:\/\/aarslevservice.dk\/?page_id=4436\" target=\"_blank\">L\u00e6s mere<\/a>\n        <\/div>\n      <\/div>\n\n      <!-- Produkt 2 -->\n      <div class=\"product-card\">\n        <div class=\"image-wrap\">\n          <img decoding=\"async\" src=\"http:\/\/aarslevservice.dk\/wp-content\/uploads\/2026\/03\/IMG_1282-1-300x184.jpeg\" alt=\"Telt 6 m\">\n        <\/div>\n        <div class=\"product-info\">\n          <h3>Telt 6 m<\/h3>\n          <p>Kan f\u00e5s i st\u00f8rrelserne 6x6 m, 6x9 m, 6x12 m og 6x15 \u2013 perfekt til fester<\/p>\n          <a href=\"https:\/\/aarslevservice.dk\/?page_id=2926\" target=\"_blank\">L\u00e6s mere<\/a>\n        <\/div>\n      <\/div>\n\n      <!-- Produkt 3 -->\n      <div class=\"product-card\">\n        <div class=\"image-wrap\">\n          <img decoding=\"async\" src=\"http:\/\/aarslevservice.dk\/wp-content\/uploads\/2025\/06\/IMG_0691-removebg-preview-1-1.png\" alt=\"Bord & Stole\">\n        <\/div>\n        <div class=\"product-info\">\n          <h3>Bord & Stole<\/h3>\n          <p>Robuste borde og komfortable stole<\/p>\n          <a href=\"https:\/\/aarslevservice.dk\/?page_id=2946\" target=\"_blank\">L\u00e6s mere<\/a>\n        <\/div>\n      <\/div>\n\n      <!-- Produkt 4 -->\n      <div class=\"product-card\">\n        <div class=\"image-wrap\">\n          <img decoding=\"async\" src=\"http:\/\/aarslevservice.dk\/wp-content\/uploads\/2026\/01\/Skaermbillede-2026-01-28-kl.-21.57.05.png\" alt=\"Lyd & Lys\">\n        <\/div>\n        <div class=\"product-info\">\n          <h3>Lyd & Lys<\/h3>\n          <p>Lyd og stemningsfuldt lys til fester og events \u2013 nem ops\u00e6tning<\/p>\n          <a href=\"https:\/\/aarslevservice.dk\/?page_id=3989\" target=\"_blank\">L\u00e6s mere<\/a>\n        <\/div>\n      <\/div>\n\n      <!-- Produkt 5 -->\n      <div class=\"product-card\">\n        <div class=\"image-wrap\">\n          <img decoding=\"async\" src=\"http:\/\/aarslevservice.dk\/wp-content\/uploads\/2025\/10\/Skaermbillede-2025-10-05-kl.-14.16.24.png\" alt=\"Service\">\n        <\/div>\n        <div class=\"product-info\">\n          <h3>Service<\/h3>\n          <p>Alt du beh\u00f8ver af service til events, fra tallerkener til glas og bestik<\/p>\n          <a href=\"https:\/\/aarslevservice.dk\/?page_id=2764\" target=\"_blank\">L\u00e6s mere<\/a>\n        <\/div>\n      <\/div>\n\n      <!-- Produkt 6 -->\n      <div class=\"product-card\">\n        <div class=\"image-wrap\">\n          <img decoding=\"async\" src=\"http:\/\/aarslevservice.dk\/wp-content\/uploads\/2026\/01\/Design-uden-navn-2.png\" alt=\"Varme\">\n        <\/div>\n        <div class=\"product-info\">\n          <h3>Varme<\/h3>\n          <p>Effektive varmel\u00f8sninger til telte og events \u2013 holder dine g\u00e6ster varme<\/p>\n          <a href=\"https:\/\/aarslevservice.dk\/?page_id=3968\" target=\"_blank\">L\u00e6s mere<\/a>\n        <\/div>\n      <\/div>\n\n      <!-- Produkt 7 -->\n      <div class=\"product-card\">\n        <div class=\"image-wrap\">\n          <img decoding=\"async\" src=\"http:\/\/aarslevservice.dk\/wp-content\/uploads\/2025\/07\/image-removebg-preview-24.png\" alt=\"Fad\u00f8lsanl\u00e6g\">\n        <\/div>\n        <div class=\"product-info\">\n          <h3>Fad\u00f8lsanl\u00e6g<\/h3>\n          <p>Perfekt til fester og events \u2013 server kold fad\u00f8l direkte fra anl\u00e6gget<\/p>\n          <a href=\"https:\/\/aarslevservice.dk\/?page_id=3027\" target=\"_blank\">L\u00e6s mere<\/a>\n        <\/div>\n      <\/div>\n\n      <!-- Produkt 8 -->\n      <div class=\"product-card\">\n        <div class=\"image-wrap\">\n          <img decoding=\"async\" src=\"http:\/\/aarslevservice.dk\/wp-content\/uploads\/2024\/11\/image-removebg-preview-11-1.png\" alt=\"Slushice Maskine\">\n        <\/div>\n        <div class=\"product-info\">\n          <h3>Slushice Maskine<\/h3>\n          <p>Frisk og farverig slushice \u2013 ideel til sommerfester og arrangementer<\/p>\n          <a href=\"https:\/\/aarslevservice.dk\/?page_id=221\" target=\"_blank\">L\u00e6s mere<\/a>\n        <\/div>\n      <\/div>\n\n      <!-- Produkt 9 -->\n      <div class=\"product-card\">\n        <div class=\"image-wrap\">\n          <img decoding=\"async\" src=\"http:\/\/aarslevservice.dk\/wp-content\/uploads\/2024\/12\/Nyt-Projekt-17.png\" alt=\"Popcornmaskine\">\n        <\/div>\n        <div class=\"product-info\">\n          <h3>Popcornmaskine<\/h3>\n          <p>Skab biografstemning med frisklavede popcorn<\/p>\n          <a href=\"https:\/\/aarslevservice.dk\/?page_id=1463\" target=\"_blank\">L\u00e6s mere<\/a>\n        <\/div>\n      <\/div>\n\n      <!-- Produkt 10 -->\n      <div class=\"product-card\">\n        <div class=\"image-wrap\">\n          <img decoding=\"async\" src=\"http:\/\/aarslevservice.dk\/wp-content\/uploads\/2024\/11\/image-removebg-preview-12.png\" alt=\"S\u00f8mblok\">\n        <\/div>\n        <div class=\"product-info\">\n          <h3>S\u00f8mblok<\/h3>\n          <p>Et sjovt og udfordrende spil \u2013 perfekt til havefester og events<\/p>\n          <a href=\"https:\/\/aarslevservice.dk\/?page_id=223\" target=\"_blank\">L\u00e6s mere<\/a>\n        <\/div>\n      <\/div>\n\n      <!-- Produkt 11 -->\n      <div class=\"product-card\">\n        <div class=\"image-wrap\">\n          <img decoding=\"async\" src=\"http:\/\/aarslevservice.dk\/wp-content\/uploads\/2024\/11\/image-removebg-preview-10.png\" alt=\"Havespil\">\n        <\/div>\n        <div class=\"product-info\">\n          <h3>Havespil<\/h3>\n          <p>Underholdende spil til udend\u00f8rs hygge \u2013 sjov for hele familien<\/p>\n          <a href=\"https:\/\/aarslevservice.dk\/?page_id=225\" target=\"_blank\">L\u00e6s mere<\/a>\n        <\/div>\n      <\/div>\n\n    <\/div>\n  <\/div>\n<\/section>\n\n<style>\n.asp-products-sej {\n  background: linear-gradient(120deg, #f0f4f8, #e2edf7);\n  padding: 60px 20px;\n  font-family: 'Arial', sans-serif;\n  text-align: center;\n}\n.asp-products-sej h2 {\n  font-size: 2.4rem;\n  margin-bottom: 50px;\n  color: #0d3b66;\n}\n.products-grid {\n  display: grid;\n  grid-template-columns: repeat(auto-fit, minmax(280px, 1fr));\n  gap: 35px;\n  max-width: 1200px;\n  margin: 0 auto;\n}\n.product-card {\n  background: #fff;\n  border-radius: 20px;\n  overflow: hidden;\n  box-shadow: 0 10px 25px rgba(0,0,0,0.15);\n  transition: transform 0.4s, box-shadow 0.4s;\n  cursor: pointer;\n  display: flex;\n  flex-direction: column;\n  border: none;\n}\n.product-card:hover {\n  transform: translateY(-10px) rotate(-1deg);\n  box-shadow: 0 20px 40px rgba(0,0,0,0.2);\n}\n.image-wrap {\n  position: relative;\n  overflow: hidden;\n  height: 200px;\n  display: flex;\n  align-items: center;\n  justify-content: center;\n  background: none;\n  padding: 0;\n  margin: 0;\n}\n.image-wrap img {\n  width: 100%;\n  height: 100%;\n  object-fit: contain;\n  display: block;\n  border: none;\n  transition: transform 0.5s ease;\n}\n.product-card:hover .image-wrap img {\n  transform: scale(1.05);\n}\n.product-info {\n  padding: 20px;\n  flex-grow: 1;\n}\n.product-info h3 {\n  color: #0d3b66;\n  font-size: 1.4rem;\n  margin-bottom: 10px;\n}\n.product-info p {\n  color: #374151;\n  font-size: 1rem;\n  margin-bottom: 15px;\n}\n.product-info a {\n  text-decoration: none;\n  color: #fff;\n  background: linear-gradient(45deg, #0077b6, #00b4d8);\n  padding: 12px 25px;\n  border-radius: 30px;\n  font-weight: bold;\n  display: inline-block;\n  transition: background 0.3s, transform 0.3s;\n}\n.product-info a:hover {\n  background: linear-gradient(45deg, #005f8a, #0096c7);\n  transform: scale(1.05);\n}\n@media(max-width: 600px) {\n  .products-grid {\n    grid-template-columns: 1fr;\n  }\n}\n<\/style>\t\t\t\t<\/div>\n\t\t\t\t<\/div>\n\t\t\t\t\t<\/div>\n\t\t\t\t<\/div>\n\t\t\t\t<\/div>\n\t\t","protected":false},"excerpt":{"rendered":"<p>Vores produkter Telt 9 m Kan f\u00e5s i st\u00f8rrelserne 9&#215;9 m, 9&#215;6 m, perfekt til fester L\u00e6s mere Telt 6 m Kan f\u00e5s i st\u00f8rrelserne 6&#215;6 m, 6&#215;9 m, 6&#215;12 m og 6&#215;15 \u2013 perfekt til fester L\u00e6s mere Bord &#038; Stole Robuste borde og komfortable stole L\u00e6s mere Lyd &#038; Lys Lyd og stemningsfuldt [&hellip;]<\/p>\n","protected":false},"author":1,"featured_media":0,"parent":0,"menu_order":0,"comment_status":"closed","ping_status":"closed","template":"elementor_canvas","meta":{"footnotes":""},"class_list":["post-70","page","type-page","status-publish","hentry"],"yoast_head":"<!-- This site is optimized with the Yoast SEO plugin v25.4 - https:\/\/yoast.com\/wordpress\/plugins\/seo\/ -->\n<title>Produkter - Aarslevservice.dk<\/title>\n<meta name=\"robots\" content=\"index, follow, max-snippet:-1, max-image-preview:large, max-video-preview:-1\" \/>\n<link rel=\"canonical\" href=\"http:\/\/aarslevservice.dk\/?page_id=70\" \/>\n<meta property=\"og:locale\" content=\"da_DK\" \/>\n<meta property=\"og:type\" content=\"article\" \/>\n<meta property=\"og:title\" content=\"Produkter - Aarslevservice.dk\" \/>\n<meta property=\"og:description\" content=\"Vores produkter Telt 9 m Kan f\u00e5s i st\u00f8rrelserne 9&#215;9 m, 9&#215;6 m, perfekt til fester L\u00e6s mere Telt 6 m Kan f\u00e5s i st\u00f8rrelserne 6&#215;6 m, 6&#215;9 m, 6&#215;12 m og 6&#215;15 \u2013 perfekt til fester L\u00e6s mere Bord &#038; Stole Robuste borde og komfortable stole L\u00e6s mere Lyd &#038; Lys Lyd og stemningsfuldt [&hellip;]\" \/>\n<meta property=\"og:url\" content=\"http:\/\/aarslevservice.dk\/?page_id=70\" \/>\n<meta property=\"og:site_name\" content=\"Aarslevservice.dk\" \/>\n<meta property=\"article:publisher\" content=\"https:\/\/www.facebook.com\/profile.php?id=61563999506010&amp;locale=da_DK\" \/>\n<meta property=\"article:modified_time\" content=\"2026-04-27T18:42:04+00:00\" \/>\n<meta property=\"og:image\" content=\"http:\/\/aarslevservice.dk\/wp-content\/uploads\/2024\/12\/Skaermbillede-2024-12-13-kl.-17.40.11-1024x221.png\" \/>\n<meta name=\"twitter:card\" content=\"summary_large_image\" \/>\n<meta name=\"twitter:label1\" content=\"Estimeret l\u00e6setid\" \/>\n\t<meta name=\"twitter:data1\" content=\"4 minutter\" \/>\n<script type=\"application\/ld+json\" class=\"yoast-schema-graph\">{\"@context\":\"https:\/\/schema.org\",\"@graph\":[{\"@type\":\"WebPage\",\"@id\":\"http:\/\/aarslevservice.dk\/?page_id=70\",\"url\":\"http:\/\/aarslevservice.dk\/?page_id=70\",\"name\":\"Produkter - Aarslevservice.dk\",\"isPartOf\":{\"@id\":\"https:\/\/aarslevservice.dk\/#website\"},\"primaryImageOfPage\":{\"@id\":\"http:\/\/aarslevservice.dk\/?page_id=70#primaryimage\"},\"image\":{\"@id\":\"http:\/\/aarslevservice.dk\/?page_id=70#primaryimage\"},\"thumbnailUrl\":\"http:\/\/aarslevservice.dk\/wp-content\/uploads\/2024\/12\/Skaermbillede-2024-12-13-kl.-17.40.11-1024x221.png\",\"datePublished\":\"2024-10-19T13:44:02+00:00\",\"dateModified\":\"2026-04-27T18:42:04+00:00\",\"breadcrumb\":{\"@id\":\"http:\/\/aarslevservice.dk\/?page_id=70#breadcrumb\"},\"inLanguage\":\"da-DK\",\"potentialAction\":[{\"@type\":\"ReadAction\",\"target\":[\"http:\/\/aarslevservice.dk\/?page_id=70\"]}]},{\"@type\":\"ImageObject\",\"inLanguage\":\"da-DK\",\"@id\":\"http:\/\/aarslevservice.dk\/?page_id=70#primaryimage\",\"url\":\"http:\/\/aarslevservice.dk\/wp-content\/uploads\/2024\/12\/Skaermbillede-2024-12-13-kl.-17.40.11-1024x221.png\",\"contentUrl\":\"http:\/\/aarslevservice.dk\/wp-content\/uploads\/2024\/12\/Skaermbillede-2024-12-13-kl.-17.40.11-1024x221.png\"},{\"@type\":\"BreadcrumbList\",\"@id\":\"http:\/\/aarslevservice.dk\/?page_id=70#breadcrumb\",\"itemListElement\":[{\"@type\":\"ListItem\",\"position\":1,\"name\":\"Hjem\",\"item\":\"https:\/\/aarslevservice.dk\/\"},{\"@type\":\"ListItem\",\"position\":2,\"name\":\"Produkter\"}]},{\"@type\":\"WebSite\",\"@id\":\"https:\/\/aarslevservice.dk\/#website\",\"url\":\"https:\/\/aarslevservice.dk\/\",\"name\":\"Aarslevservice.dk\",\"description\":\"Fuldend festen med vores udstyr !\",\"publisher\":{\"@id\":\"https:\/\/aarslevservice.dk\/#organization\"},\"potentialAction\":[{\"@type\":\"SearchAction\",\"target\":{\"@type\":\"EntryPoint\",\"urlTemplate\":\"https:\/\/aarslevservice.dk\/?s={search_term_string}\"},\"query-input\":{\"@type\":\"PropertyValueSpecification\",\"valueRequired\":true,\"valueName\":\"search_term_string\"}}],\"inLanguage\":\"da-DK\"},{\"@type\":\"Organization\",\"@id\":\"https:\/\/aarslevservice.dk\/#organization\",\"name\":\"Aarslevservice.dk\",\"url\":\"https:\/\/aarslevservice.dk\/\",\"logo\":{\"@type\":\"ImageObject\",\"inLanguage\":\"da-DK\",\"@id\":\"https:\/\/aarslevservice.dk\/#\/schema\/logo\/image\/\",\"url\":\"https:\/\/aarslevservice.dk\/wp-content\/uploads\/2024\/10\/image__1_-removebg-preview.png\",\"contentUrl\":\"https:\/\/aarslevservice.dk\/wp-content\/uploads\/2024\/10\/image__1_-removebg-preview.png\",\"width\":195,\"height\":239,\"caption\":\"Aarslevservice.dk\"},\"image\":{\"@id\":\"https:\/\/aarslevservice.dk\/#\/schema\/logo\/image\/\"},\"sameAs\":[\"https:\/\/www.facebook.com\/profile.php?id=61563999506010&locale=da_DK\"]}]}<\/script>\n<!-- \/ Yoast SEO plugin. -->","yoast_head_json":{"title":"Produkter - Aarslevservice.dk","robots":{"index":"index","follow":"follow","max-snippet":"max-snippet:-1","max-image-preview":"max-image-preview:large","max-video-preview":"max-video-preview:-1"},"canonical":"http:\/\/aarslevservice.dk\/?page_id=70","og_locale":"da_DK","og_type":"article","og_title":"Produkter - Aarslevservice.dk","og_description":"Vores produkter Telt 9 m Kan f\u00e5s i st\u00f8rrelserne 9&#215;9 m, 9&#215;6 m, perfekt til fester L\u00e6s mere Telt 6 m Kan f\u00e5s i st\u00f8rrelserne 6&#215;6 m, 6&#215;9 m, 6&#215;12 m og 6&#215;15 \u2013 perfekt til fester L\u00e6s mere Bord &#038; Stole Robuste borde og komfortable stole L\u00e6s mere Lyd &#038; Lys Lyd og stemningsfuldt [&hellip;]","og_url":"http:\/\/aarslevservice.dk\/?page_id=70","og_site_name":"Aarslevservice.dk","article_publisher":"https:\/\/www.facebook.com\/profile.php?id=61563999506010&locale=da_DK","article_modified_time":"2026-04-27T18:42:04+00:00","og_image":[{"url":"http:\/\/aarslevservice.dk\/wp-content\/uploads\/2024\/12\/Skaermbillede-2024-12-13-kl.-17.40.11-1024x221.png","type":"","width":"","height":""}],"twitter_card":"summary_large_image","twitter_misc":{"Estimeret l\u00e6setid":"4 minutter"},"schema":{"@context":"https:\/\/schema.org","@graph":[{"@type":"WebPage","@id":"http:\/\/aarslevservice.dk\/?page_id=70","url":"http:\/\/aarslevservice.dk\/?page_id=70","name":"Produkter - Aarslevservice.dk","isPartOf":{"@id":"https:\/\/aarslevservice.dk\/#website"},"primaryImageOfPage":{"@id":"http:\/\/aarslevservice.dk\/?page_id=70#primaryimage"},"image":{"@id":"http:\/\/aarslevservice.dk\/?page_id=70#primaryimage"},"thumbnailUrl":"http:\/\/aarslevservice.dk\/wp-content\/uploads\/2024\/12\/Skaermbillede-2024-12-13-kl.-17.40.11-1024x221.png","datePublished":"2024-10-19T13:44:02+00:00","dateModified":"2026-04-27T18:42:04+00:00","breadcrumb":{"@id":"http:\/\/aarslevservice.dk\/?page_id=70#breadcrumb"},"inLanguage":"da-DK","potentialAction":[{"@type":"ReadAction","target":["http:\/\/aarslevservice.dk\/?page_id=70"]}]},{"@type":"ImageObject","inLanguage":"da-DK","@id":"http:\/\/aarslevservice.dk\/?page_id=70#primaryimage","url":"http:\/\/aarslevservice.dk\/wp-content\/uploads\/2024\/12\/Skaermbillede-2024-12-13-kl.-17.40.11-1024x221.png","contentUrl":"http:\/\/aarslevservice.dk\/wp-content\/uploads\/2024\/12\/Skaermbillede-2024-12-13-kl.-17.40.11-1024x221.png"},{"@type":"BreadcrumbList","@id":"http:\/\/aarslevservice.dk\/?page_id=70#breadcrumb","itemListElement":[{"@type":"ListItem","position":1,"name":"Hjem","item":"https:\/\/aarslevservice.dk\/"},{"@type":"ListItem","position":2,"name":"Produkter"}]},{"@type":"WebSite","@id":"https:\/\/aarslevservice.dk\/#website","url":"https:\/\/aarslevservice.dk\/","name":"Aarslevservice.dk","description":"Fuldend festen med vores udstyr !","publisher":{"@id":"https:\/\/aarslevservice.dk\/#organization"},"potentialAction":[{"@type":"SearchAction","target":{"@type":"EntryPoint","urlTemplate":"https:\/\/aarslevservice.dk\/?s={search_term_string}"},"query-input":{"@type":"PropertyValueSpecification","valueRequired":true,"valueName":"search_term_string"}}],"inLanguage":"da-DK"},{"@type":"Organization","@id":"https:\/\/aarslevservice.dk\/#organization","name":"Aarslevservice.dk","url":"https:\/\/aarslevservice.dk\/","logo":{"@type":"ImageObject","inLanguage":"da-DK","@id":"https:\/\/aarslevservice.dk\/#\/schema\/logo\/image\/","url":"https:\/\/aarslevservice.dk\/wp-content\/uploads\/2024\/10\/image__1_-removebg-preview.png","contentUrl":"https:\/\/aarslevservice.dk\/wp-content\/uploads\/2024\/10\/image__1_-removebg-preview.png","width":195,"height":239,"caption":"Aarslevservice.dk"},"image":{"@id":"https:\/\/aarslevservice.dk\/#\/schema\/logo\/image\/"},"sameAs":["https:\/\/www.facebook.com\/profile.php?id=61563999506010&locale=da_DK"]}]}},"_links":{"self":[{"href":"https:\/\/aarslevservice.dk\/index.php?rest_route=\/wp\/v2\/pages\/70","targetHints":{"allow":["GET"]}}],"collection":[{"href":"https:\/\/aarslevservice.dk\/index.php?rest_route=\/wp\/v2\/pages"}],"about":[{"href":"https:\/\/aarslevservice.dk\/index.php?rest_route=\/wp\/v2\/types\/page"}],"author":[{"embeddable":true,"href":"https:\/\/aarslevservice.dk\/index.php?rest_route=\/wp\/v2\/users\/1"}],"replies":[{"embeddable":true,"href":"https:\/\/aarslevservice.dk\/index.php?rest_route=%2Fwp%2Fv2%2Fcomments&post=70"}],"version-history":[{"count":32,"href":"https:\/\/aarslevservice.dk\/index.php?rest_route=\/wp\/v2\/pages\/70\/revisions"}],"predecessor-version":[{"id":4478,"href":"https:\/\/aarslevservice.dk\/index.php?rest_route=\/wp\/v2\/pages\/70\/revisions\/4478"}],"wp:attachment":[{"href":"https:\/\/aarslevservice.dk\/index.php?rest_route=%2Fwp%2Fv2%2Fmedia&parent=70"}],"curies":[{"name":"wp","href":"https:\/\/api.w.org\/{rel}","templated":true}]}}